{"id":107,"date":"2023-01-01T20:40:54","date_gmt":"2023-01-01T20:40:54","guid":{"rendered":"https:\/\/www.ambardcongo.it\/?page_id=107"},"modified":"2023-04-24T08:55:28","modified_gmt":"2023-04-24T08:55:28","slug":"notre-ambassadeur","status":"publish","type":"page","link":"https:\/\/www.ambardcongo.it\/?page_id=107","title":{"rendered":"Notre Ambassadeur"},"content":{"rendered":"<div class=\"wp-block-image\">\n<figure class=\"aligncenter size-full is-resized\"><img loading=\"lazy\" decoding=\"async\" src=\"https:\/\/www.ambardcongo.it\/wp-content\/uploads\/2022\/12\/IMG-20220902-WA0003-flag-e1672698147628.jpg\" alt=\"Notre Ambassadeur\" class=\"wp-image-59\" width=\"250\" height=\"333\" srcset=\"https:\/\/www.ambardcongo.it\/wp-content\/uploads\/2022\/12\/IMG-20220902-WA0003-flag-e1672698147628.jpg 250w, https:\/\/www.ambardcongo.it\/wp-content\/uploads\/2022\/12\/IMG-20220902-WA0003-flag-e1672698147628-225x300.jpg 225w\" sizes=\"auto, (max-width: 250px) 100vw, 250px\" \/><figcaption class=\"wp-element-caption\"><strong>S.E.M. PAUL -EMILE TSHINGA AHUKA<br>AMBASSADEUR EXTRAORDINAIRE ET PL\u00c9NIPOTENTIAIRE DE LA R\u00c9PUBLIQUE D\u00c9MOCRATIQUE DU CONGO PR\u00c8S LE QUIRINAL ROME \/ ITALIE<\/strong><\/figcaption><\/figure>\n<\/div>\n\n\n<p><strong>Septembre 2022 &#8211; \u00e0 ce jour<\/strong>: S.E.M. PAUL-EMILE TSHINGA AHUKA,  Ambassadeur Extraordinaire et Pl\u00e9nipotentiaire de la R\u00e9publique D\u00e9mocratique du<br>Congo en R\u00e9publique d\u2019Italie pr\u00e8s le Quirinal et Repr\u00e9sentant Permanent aupr\u00e8s des<br>Trois Agences des Nations Unies bas\u00e9es \u00e0 Rome (FAO, FIDA et PAM)<\/p>\n\n\n\n<div data-wp-interactive=\"core\/file\" class=\"wp-block-file\"><object data-wp-bind--hidden=\"!state.hasPdfPreview\" hidden class=\"wp-block-file__embed\" data=\"https:\/\/www.ambardcongo.it\/wp-content\/uploads\/2023\/04\/cv_ambassadeur.pdf\" type=\"application\/pdf\" style=\"width:100%;height:600px\" aria-label=\"Contenu embarqu\u00e9 cv_ambassadeur.\"><\/object><a id=\"wp-block-file--media-162947ff-1029-411e-add9-7bf8c38e87d4\" href=\"https:\/\/www.ambardcongo.it\/wp-content\/uploads\/2023\/04\/cv_ambassadeur.pdf\">cv_ambassadeur<\/a><a href=\"https:\/\/www.ambardcongo.it\/wp-content\/uploads\/2023\/04\/cv_ambassadeur.pdf\" class=\"wp-block-file__button wp-element-button\" download aria-describedby=\"wp-block-file--media-162947ff-1029-411e-add9-7bf8c38e87d4\">T\u00e9l\u00e9charger<\/a><\/div>\n","protected":false},"excerpt":{"rendered":"<p>Septembre 2022 &#8211; \u00e0 ce jour: S.E.M. PAUL-EMILE TSHINGA AHUKA, Ambassadeur Extraordinaire et Pl\u00e9nipotentiaire de la R\u00e9publique D\u00e9mocratique duCongo en R\u00e9publique d\u2019Italie pr\u00e8s le Quirinal et Repr\u00e9sentant Permanent aupr\u00e8s desTrois &#8230;<\/p>\n","protected":false},"author":1,"featured_media":0,"parent":105,"menu_order":0,"comment_status":"closed","ping_status":"closed","template":"template-fullwidth.php","meta":{"footnotes":""},"class_list":["post-107","page","type-page","status-publish","hentry"],"yoast_head":"<!-- This site is optimized with the Yoast SEO plugin v27.5 - https:\/\/yoast.com\/product\/yoast-seo-wordpress\/ -->\n<title>Notre Ambassadeur - Ambassade de la RDC-Italie<\/title>\n<meta name=\"robots\" content=\"index, follow, max-snippet:-1, max-image-preview:large, max-video-preview:-1\" \/>\n<link rel=\"canonical\" href=\"https:\/\/www.ambardcongo.it\/?page_id=107\" \/>\n<meta property=\"og:locale\" content=\"fr_FR\" \/>\n<meta property=\"og:type\" content=\"article\" \/>\n<meta property=\"og:title\" content=\"Notre Ambassadeur - Ambassade de la RDC-Italie\" \/>\n<meta property=\"og:description\" content=\"Septembre 2022 &#8211; \u00e0 ce jour: S.E.M. PAUL-EMILE TSHINGA AHUKA, Ambassadeur Extraordinaire et Pl\u00e9nipotentiaire de la R\u00e9publique D\u00e9mocratique duCongo en R\u00e9publique d\u2019Italie pr\u00e8s le Quirinal et Repr\u00e9sentant Permanent aupr\u00e8s desTrois ...\" \/>\n<meta property=\"og:url\" content=\"https:\/\/www.ambardcongo.it\/?page_id=107\" \/>\n<meta property=\"og:site_name\" content=\"Ambassade de la RDC-Italie\" \/>\n<meta property=\"article:modified_time\" content=\"2023-04-24T08:55:28+00:00\" \/>\n<meta property=\"og:image\" content=\"https:\/\/www.ambardcongo.it\/wp-content\/uploads\/2022\/12\/IMG-20220902-WA0003-flag-e1672698147628.jpg\" \/>\n<meta name=\"twitter:card\" content=\"summary_large_image\" \/>\n<meta name=\"twitter:label1\" content=\"Dur\u00e9e de lecture estim\u00e9e\" \/>\n\t<meta name=\"twitter:data1\" content=\"1 minute\" \/>\n<script type=\"application\/ld+json\" class=\"yoast-schema-graph\">{\"@context\":\"https:\\\/\\\/schema.org\",\"@graph\":[{\"@type\":\"WebPage\",\"@id\":\"https:\\\/\\\/www.ambardcongo.it\\\/?page_id=107\",\"url\":\"https:\\\/\\\/www.ambardcongo.it\\\/?page_id=107\",\"name\":\"Notre Ambassadeur - Ambassade de la RDC-Italie\",\"isPartOf\":{\"@id\":\"https:\\\/\\\/www.ambardcongo.it\\\/#website\"},\"primaryImageOfPage\":{\"@id\":\"https:\\\/\\\/www.ambardcongo.it\\\/?page_id=107#primaryimage\"},\"image\":{\"@id\":\"https:\\\/\\\/www.ambardcongo.it\\\/?page_id=107#primaryimage\"},\"thumbnailUrl\":\"https:\\\/\\\/www.ambardcongo.it\\\/wp-content\\\/uploads\\\/2022\\\/12\\\/IMG-20220902-WA0003-flag-e1672698147628.jpg\",\"datePublished\":\"2023-01-01T20:40:54+00:00\",\"dateModified\":\"2023-04-24T08:55:28+00:00\",\"breadcrumb\":{\"@id\":\"https:\\\/\\\/www.ambardcongo.it\\\/?page_id=107#breadcrumb\"},\"inLanguage\":\"fr-FR\",\"potentialAction\":[{\"@type\":\"ReadAction\",\"target\":[\"https:\\\/\\\/www.ambardcongo.it\\\/?page_id=107\"]}]},{\"@type\":\"ImageObject\",\"inLanguage\":\"fr-FR\",\"@id\":\"https:\\\/\\\/www.ambardcongo.it\\\/?page_id=107#primaryimage\",\"url\":\"https:\\\/\\\/www.ambardcongo.it\\\/wp-content\\\/uploads\\\/2022\\\/12\\\/IMG-20220902-WA0003-flag-e1672698147628.jpg\",\"contentUrl\":\"https:\\\/\\\/www.ambardcongo.it\\\/wp-content\\\/uploads\\\/2022\\\/12\\\/IMG-20220902-WA0003-flag-e1672698147628.jpg\",\"width\":250,\"height\":333,\"caption\":\"Notre Ambassadeur\"},{\"@type\":\"BreadcrumbList\",\"@id\":\"https:\\\/\\\/www.ambardcongo.it\\\/?page_id=107#breadcrumb\",\"itemListElement\":[{\"@type\":\"ListItem\",\"position\":1,\"name\":\"Accueil\",\"item\":\"https:\\\/\\\/www.ambardcongo.it\\\/\"},{\"@type\":\"ListItem\",\"position\":2,\"name\":\"L&rsquo;Ambassade\",\"item\":\"https:\\\/\\\/www.ambardcongo.it\\\/?page_id=105\"},{\"@type\":\"ListItem\",\"position\":3,\"name\":\"Notre Ambassadeur\"}]},{\"@type\":\"WebSite\",\"@id\":\"https:\\\/\\\/www.ambardcongo.it\\\/#website\",\"url\":\"https:\\\/\\\/www.ambardcongo.it\\\/\",\"name\":\"Site Officiel de L'Ambassade de la RDC \u00e0 Rome\",\"description\":\"Site officiel de l&#039;Ambassade\",\"publisher\":{\"@id\":\"https:\\\/\\\/www.ambardcongo.it\\\/#organization\"},\"potentialAction\":[{\"@type\":\"SearchAction\",\"target\":{\"@type\":\"EntryPoint\",\"urlTemplate\":\"https:\\\/\\\/www.ambardcongo.it\\\/?s={search_term_string}\"},\"query-input\":{\"@type\":\"PropertyValueSpecification\",\"valueRequired\":true,\"valueName\":\"search_term_string\"}}],\"inLanguage\":\"fr-FR\"},{\"@type\":\"Organization\",\"@id\":\"https:\\\/\\\/www.ambardcongo.it\\\/#organization\",\"name\":\"Site Officiel de L'Ambassade de la RDC \u00e0 Rome\",\"url\":\"https:\\\/\\\/www.ambardcongo.it\\\/\",\"logo\":{\"@type\":\"ImageObject\",\"inLanguage\":\"fr-FR\",\"@id\":\"https:\\\/\\\/www.ambardcongo.it\\\/#\\\/schema\\\/logo\\\/image\\\/\",\"url\":\"https:\\\/\\\/www.ambardcongo.it\\\/wp-content\\\/uploads\\\/2023\\\/01\\\/cropped-LOGO_AMBA_MD-e1672919818323.png\",\"contentUrl\":\"https:\\\/\\\/www.ambardcongo.it\\\/wp-content\\\/uploads\\\/2023\\\/01\\\/cropped-LOGO_AMBA_MD-e1672919818323.png\",\"width\":248,\"height\":117,\"caption\":\"Site Officiel de L'Ambassade de la RDC \u00e0 Rome\"},\"image\":{\"@id\":\"https:\\\/\\\/www.ambardcongo.it\\\/#\\\/schema\\\/logo\\\/image\\\/\"}}]}<\/script>\n<!-- \/ Yoast SEO plugin. -->","yoast_head_json":{"title":"Notre Ambassadeur - Ambassade de la RDC-Italie","robots":{"index":"index","follow":"follow","max-snippet":"max-snippet:-1","max-image-preview":"max-image-preview:large","max-video-preview":"max-video-preview:-1"},"canonical":"https:\/\/www.ambardcongo.it\/?page_id=107","og_locale":"fr_FR","og_type":"article","og_title":"Notre Ambassadeur - Ambassade de la RDC-Italie","og_description":"Septembre 2022 &#8211; \u00e0 ce jour: S.E.M. PAUL-EMILE TSHINGA AHUKA, Ambassadeur Extraordinaire et Pl\u00e9nipotentiaire de la R\u00e9publique D\u00e9mocratique duCongo en R\u00e9publique d\u2019Italie pr\u00e8s le Quirinal et Repr\u00e9sentant Permanent aupr\u00e8s desTrois ...","og_url":"https:\/\/www.ambardcongo.it\/?page_id=107","og_site_name":"Ambassade de la RDC-Italie","article_modified_time":"2023-04-24T08:55:28+00:00","og_image":[{"url":"https:\/\/www.ambardcongo.it\/wp-content\/uploads\/2022\/12\/IMG-20220902-WA0003-flag-e1672698147628.jpg","type":"","width":"","height":""}],"twitter_card":"summary_large_image","twitter_misc":{"Dur\u00e9e de lecture estim\u00e9e":"1 minute"},"schema":{"@context":"https:\/\/schema.org","@graph":[{"@type":"WebPage","@id":"https:\/\/www.ambardcongo.it\/?page_id=107","url":"https:\/\/www.ambardcongo.it\/?page_id=107","name":"Notre Ambassadeur - Ambassade de la RDC-Italie","isPartOf":{"@id":"https:\/\/www.ambardcongo.it\/#website"},"primaryImageOfPage":{"@id":"https:\/\/www.ambardcongo.it\/?page_id=107#primaryimage"},"image":{"@id":"https:\/\/www.ambardcongo.it\/?page_id=107#primaryimage"},"thumbnailUrl":"https:\/\/www.ambardcongo.it\/wp-content\/uploads\/2022\/12\/IMG-20220902-WA0003-flag-e1672698147628.jpg","datePublished":"2023-01-01T20:40:54+00:00","dateModified":"2023-04-24T08:55:28+00:00","breadcrumb":{"@id":"https:\/\/www.ambardcongo.it\/?page_id=107#breadcrumb"},"inLanguage":"fr-FR","potentialAction":[{"@type":"ReadAction","target":["https:\/\/www.ambardcongo.it\/?page_id=107"]}]},{"@type":"ImageObject","inLanguage":"fr-FR","@id":"https:\/\/www.ambardcongo.it\/?page_id=107#primaryimage","url":"https:\/\/www.ambardcongo.it\/wp-content\/uploads\/2022\/12\/IMG-20220902-WA0003-flag-e1672698147628.jpg","contentUrl":"https:\/\/www.ambardcongo.it\/wp-content\/uploads\/2022\/12\/IMG-20220902-WA0003-flag-e1672698147628.jpg","width":250,"height":333,"caption":"Notre Ambassadeur"},{"@type":"BreadcrumbList","@id":"https:\/\/www.ambardcongo.it\/?page_id=107#breadcrumb","itemListElement":[{"@type":"ListItem","position":1,"name":"Accueil","item":"https:\/\/www.ambardcongo.it\/"},{"@type":"ListItem","position":2,"name":"L&rsquo;Ambassade","item":"https:\/\/www.ambardcongo.it\/?page_id=105"},{"@type":"ListItem","position":3,"name":"Notre Ambassadeur"}]},{"@type":"WebSite","@id":"https:\/\/www.ambardcongo.it\/#website","url":"https:\/\/www.ambardcongo.it\/","name":"Site Officiel de L'Ambassade de la RDC \u00e0 Rome","description":"Site officiel de l&#039;Ambassade","publisher":{"@id":"https:\/\/www.ambardcongo.it\/#organization"},"potentialAction":[{"@type":"SearchAction","target":{"@type":"EntryPoint","urlTemplate":"https:\/\/www.ambardcongo.it\/?s={search_term_string}"},"query-input":{"@type":"PropertyValueSpecification","valueRequired":true,"valueName":"search_term_string"}}],"inLanguage":"fr-FR"},{"@type":"Organization","@id":"https:\/\/www.ambardcongo.it\/#organization","name":"Site Officiel de L'Ambassade de la RDC \u00e0 Rome","url":"https:\/\/www.ambardcongo.it\/","logo":{"@type":"ImageObject","inLanguage":"fr-FR","@id":"https:\/\/www.ambardcongo.it\/#\/schema\/logo\/image\/","url":"https:\/\/www.ambardcongo.it\/wp-content\/uploads\/2023\/01\/cropped-LOGO_AMBA_MD-e1672919818323.png","contentUrl":"https:\/\/www.ambardcongo.it\/wp-content\/uploads\/2023\/01\/cropped-LOGO_AMBA_MD-e1672919818323.png","width":248,"height":117,"caption":"Site Officiel de L'Ambassade de la RDC \u00e0 Rome"},"image":{"@id":"https:\/\/www.ambardcongo.it\/#\/schema\/logo\/image\/"}}]}},"_links":{"self":[{"href":"https:\/\/www.ambardcongo.it\/index.php?rest_route=\/wp\/v2\/pages\/107","targetHints":{"allow":["GET"]}}],"collection":[{"href":"https:\/\/www.ambardcongo.it\/index.php?rest_route=\/wp\/v2\/pages"}],"about":[{"href":"https:\/\/www.ambardcongo.it\/index.php?rest_route=\/wp\/v2\/types\/page"}],"author":[{"embeddable":true,"href":"https:\/\/www.ambardcongo.it\/index.php?rest_route=\/wp\/v2\/users\/1"}],"replies":[{"embeddable":true,"href":"https:\/\/www.ambardcongo.it\/index.php?rest_route=%2Fwp%2Fv2%2Fcomments&post=107"}],"version-history":[{"count":4,"href":"https:\/\/www.ambardcongo.it\/index.php?rest_route=\/wp\/v2\/pages\/107\/revisions"}],"predecessor-version":[{"id":489,"href":"https:\/\/www.ambardcongo.it\/index.php?rest_route=\/wp\/v2\/pages\/107\/revisions\/489"}],"up":[{"embeddable":true,"href":"https:\/\/www.ambardcongo.it\/index.php?rest_route=\/wp\/v2\/pages\/105"}],"wp:attachment":[{"href":"https:\/\/www.ambardcongo.it\/index.php?rest_route=%2Fwp%2Fv2%2Fmedia&parent=107"}],"curies":[{"name":"wp","href":"https:\/\/api.w.org\/{rel}","templated":true}]}}